{"id":11145,"date":"2024-03-08T11:30:07","date_gmt":"2024-03-08T10:30:07","guid":{"rendered":"https:\/\/meinlschmidt.de\/meinlschmidt-muenchen\/?page_id=11145"},"modified":"2024-07-16T15:43:35","modified_gmt":"2024-07-16T13:43:35","slug":"geschichte-meinlschmidt","status":"publish","type":"page","link":"https:\/\/meinlschmidt.de\/meinlschmidt-muenchen\/geschichte-meinlschmidt\/","title":{"rendered":"Geschichte Meinlschmidt"},"content":{"rendered":"\t\t<div data-elementor-type=\"wp-page\" data-elementor-id=\"11145\" class=\"elementor elementor-11145\" data-elementor-post-type=\"page\">\n\t\t\t\t<div class=\"elementor-element elementor-element-e541218 e-flex e-con-boxed e-con e-parent\" data-id=\"e541218\" data-element_type=\"container\">\n\t\t\t\t\t<div class=\"e-con-inner\">\n\t\t\t\t<div class=\"elementor-element elementor-element-612482b elementor-widget elementor-widget-be-timeline\" data-id=\"612482b\" data-element_type=\"widget\" data-widget_type=\"be-timeline.default\">\n\t\t\t\t<div class=\"elementor-widget-container\">\n\t\t\t\t\t<ul class=\"be-pack timeline\">\t\t\t<li class=\"timeline-right\">\n\t\t\t \n\t\t\t<div class=\"tl-circ\"><\/div>\n\t\t\t  <div class=\"timeline-panel\">\n\t\t\t\t<div class=\"tl-heading\">\n\t\t\t\t\t<div class=\"tl-content\">\n\t\t\t\t\t\t\t\t\t\t\t\t<div class=\"be-desc\">\n\t\t\t\t\t\t<h2 class=\"be-title\">1978<\/h2>\t\t\t\t\t\t<div class=\"be-content\">\n\t\t\t\t\t\t\t<p><strong>\u00a0\/<\/strong>\u202fGr\u00fcndung durch Walter Meinlschmidt sen. in Balingen.<\/p> \n\t\t\t\t\t\t<\/div>\n\t\t\t\t\t\t<\/div>\n\t\t\t\t\t<\/div>\n\t\t\t\t<\/div>\n\t\t\t  <\/div>\n\t\t\t<\/li>\n\t\t\t\t\t\t\t<li class=\"timeline-inverted\">\n\t\t\t \n\t\t\t<div class=\"tl-circ\"><\/div>\n\t\t\t  <div class=\"timeline-panel\">\n\t\t\t\t<div class=\"tl-heading\">\n\t\t\t\t\t<div class=\"tl-content\">\n\t\t\t\t\t\t\t\t\t\t\t\t<div class=\"be-desc\">\n\t\t\t\t\t\t<h2 class=\"be-title\">1990<\/h2>\t\t\t\t\t\t<div class=\"be-content\">\n\t\t\t\t\t\t\t<p><strong>\/<\/strong>\u202f\u00dcbernahme der W.Meinlschmidt GmbH durch Walter Meinlschmidt jun.<\/p> \n\t\t\t\t\t\t<\/div>\n\t\t\t\t\t\t<\/div>\n\t\t\t\t\t<\/div>\n\t\t\t\t<\/div>\n\t\t\t  <\/div>\n\t\t\t<\/li>\n\t\t\t\t\t\t<li class=\"timeline-right\">\n\t\t\t \n\t\t\t<div class=\"tl-circ\"><\/div>\n\t\t\t  <div class=\"timeline-panel\">\n\t\t\t\t<div class=\"tl-heading\">\n\t\t\t\t\t<div class=\"tl-content\">\n\t\t\t\t\t\t\t\t\t\t\t\t<div class=\"be-desc\">\n\t\t\t\t\t\t<h2 class=\"be-title\">2003<\/h2>\t\t\t\t\t\t<div class=\"be-content\">\n\t\t\t\t\t\t\t<p><strong>\/<\/strong>\u202f25-j\u00e4hriges Betriebsjubil\u00e4um.<\/p> \n\t\t\t\t\t\t<\/div>\n\t\t\t\t\t\t<\/div>\n\t\t\t\t\t<\/div>\n\t\t\t\t<\/div>\n\t\t\t  <\/div>\n\t\t\t<\/li>\n\t\t\t\t\t\t\t<li class=\"timeline-inverted\">\n\t\t\t \n\t\t\t<div class=\"tl-circ\"><\/div>\n\t\t\t  <div class=\"timeline-panel\">\n\t\t\t\t<div class=\"tl-heading\">\n\t\t\t\t\t<div class=\"tl-content\">\n\t\t\t\t\t\t\t\t\t\t\t\t<div class=\"be-desc\">\n\t\t\t\t\t\t<h2 class=\"be-title\">2008<\/h2>\t\t\t\t\t\t<div class=\"be-content\">\n\t\t\t\t\t\t\t<p><strong>\/<\/strong>\u202fim Dezember er\u00f6ffnet unsere neue Ausstellung mit Verwaltung in Singen im Hegau Tower (unser Radolfzeller B\u00fcro wurde nach Singen verlegt).<\/p><p>\/ 30 Jahre W. Meinlschmidt GmbH \u2013 Der B\u00fcroeinrichter.<\/p> \n\t\t\t\t\t\t<\/div>\n\t\t\t\t\t\t<\/div>\n\t\t\t\t\t<\/div>\n\t\t\t\t<\/div>\n\t\t\t  <\/div>\n\t\t\t<\/li>\n\t\t\t\t\t\t<li class=\"timeline-right\">\n\t\t\t \n\t\t\t<div class=\"tl-circ\"><\/div>\n\t\t\t  <div class=\"timeline-panel\">\n\t\t\t\t<div class=\"tl-heading\">\n\t\t\t\t\t<div class=\"tl-content\">\n\t\t\t\t\t\t\t\t\t\t\t\t<div class=\"be-desc\">\n\t\t\t\t\t\t<h2 class=\"be-title\">2011<\/h2>\t\t\t\t\t\t<div class=\"be-content\">\n\t\t\t\t\t\t\t<p><strong>\/<\/strong>\u202fWir investieren in die Zukunft: Er\u00f6ffnung der Niederlassung B\u00f6blingen mit Ausstellung auf dem ehemaligen Flughafengel\u00e4nde im Meilenwerk B\u00f6blingen.<\/p> \n\t\t\t\t\t\t<\/div>\n\t\t\t\t\t\t<\/div>\n\t\t\t\t\t<\/div>\n\t\t\t\t<\/div>\n\t\t\t  <\/div>\n\t\t\t<\/li>\n\t\t\t\t\t\t\t<li class=\"timeline-inverted\">\n\t\t\t \n\t\t\t<div class=\"tl-circ\"><\/div>\n\t\t\t  <div class=\"timeline-panel\">\n\t\t\t\t<div class=\"tl-heading\">\n\t\t\t\t\t<div class=\"tl-content\">\n\t\t\t\t\t\t\t\t\t\t\t\t<div class=\"be-desc\">\n\t\t\t\t\t\t<h2 class=\"be-title\">2013<\/h2>\t\t\t\t\t\t<div class=\"be-content\">\n\t\t\t\t\t\t\t<p><strong>\/<\/strong>\u00a0Am Hauptwasen 6 in Balingen beziehen wir unser neues Firmengeb\u00e4ude. Auf \u00fcber 1.000 m2 zeigen wir einen breiten Querschnitt aus unseren Kollektionen.<\/p> \n\t\t\t\t\t\t<\/div>\n\t\t\t\t\t\t<\/div>\n\t\t\t\t\t<\/div>\n\t\t\t\t<\/div>\n\t\t\t  <\/div>\n\t\t\t<\/li>\n\t\t\t\t\t\t<li class=\"timeline-right\">\n\t\t\t \n\t\t\t<div class=\"tl-circ\"><\/div>\n\t\t\t  <div class=\"timeline-panel\">\n\t\t\t\t<div class=\"tl-heading\">\n\t\t\t\t\t<div class=\"tl-content\">\n\t\t\t\t\t\t\t\t\t\t\t\t<div class=\"be-desc\">\n\t\t\t\t\t\t<h2 class=\"be-title\">2014<\/h2>\t\t\t\t\t\t<div class=\"be-content\">\n\t\t\t\t\t\t\t<p><strong>\/<\/strong>\u202fIn Balingen er\u00f6ffnet unser Wohnm\u00f6belhaus \u201eLiving Lab\u201c seine Ausstellungsr\u00e4ume.<\/p> \n\t\t\t\t\t\t<\/div>\n\t\t\t\t\t\t<\/div>\n\t\t\t\t\t<\/div>\n\t\t\t\t<\/div>\n\t\t\t  <\/div>\n\t\t\t<\/li>\n\t\t\t\t\t\t\t<li class=\"timeline-inverted\">\n\t\t\t \n\t\t\t<div class=\"tl-circ\"><\/div>\n\t\t\t  <div class=\"timeline-panel\">\n\t\t\t\t<div class=\"tl-heading\">\n\t\t\t\t\t<div class=\"tl-content\">\n\t\t\t\t\t\t\t\t\t\t\t\t<div class=\"be-desc\">\n\t\t\t\t\t\t<h2 class=\"be-title\">2015<\/h2>\t\t\t\t\t\t<div class=\"be-content\">\n\t\t\t\t\t\t\t<p><strong>\/<\/strong>\u202fAus \u201eMeinlschmidt \u2013 Der B\u00fcroeinrichter\u201c wird die Meinlschmidt Raumkonzepte GmbH. Damit unterstreichen wir unseren Anspruch als ganzheitlicher Anbieter von Konzepten und Einrichtungsl\u00f6sungen im gewerblichen und privaten Bereich.<\/p> \n\t\t\t\t\t\t<\/div>\n\t\t\t\t\t\t<\/div>\n\t\t\t\t\t<\/div>\n\t\t\t\t<\/div>\n\t\t\t  <\/div>\n\t\t\t<\/li>\n\t\t\t\t\t\t<li class=\"timeline-right\">\n\t\t\t \n\t\t\t<div class=\"tl-circ\"><\/div>\n\t\t\t  <div class=\"timeline-panel\">\n\t\t\t\t<div class=\"tl-heading\">\n\t\t\t\t\t<div class=\"tl-content\">\n\t\t\t\t\t\t\t\t\t\t\t\t<div class=\"be-desc\">\n\t\t\t\t\t\t<h2 class=\"be-title\">2016<\/h2>\t\t\t\t\t\t<div class=\"be-content\">\n\t\t\t\t\t\t\t<p>\/ \u202fDie B&amp;O B\u00fcro &amp; Objekt GmbH in Freiburg wird zum 1. August 2016 Teil der Meinlschmidt Unternehmensgruppe.<\/p> \n\t\t\t\t\t\t<\/div>\n\t\t\t\t\t\t<\/div>\n\t\t\t\t\t<\/div>\n\t\t\t\t<\/div>\n\t\t\t  <\/div>\n\t\t\t<\/li>\n\t\t\t\t\t\t\t<li class=\"timeline-inverted\">\n\t\t\t \n\t\t\t<div class=\"tl-circ\"><\/div>\n\t\t\t  <div class=\"timeline-panel\">\n\t\t\t\t<div class=\"tl-heading\">\n\t\t\t\t\t<div class=\"tl-content\">\n\t\t\t\t\t\t\t\t\t\t\t\t<div class=\"be-desc\">\n\t\t\t\t\t\t<h2 class=\"be-title\">2018<\/h2>\t\t\t\t\t\t<div class=\"be-content\">\n\t\t\t\t\t\t\t<p><strong>\/<\/strong>\u202fZum 1. Januar 2018 kommt ein weiteres Familienmitglied hinzu: Wir hei\u00dfen die neuen Kolleginnen und Kollegen der Gessler+Funk GmbH in Weingarten im Team willkommen.<\/p><p><strong>\/<\/strong>\u202fUnd wieder ein Jubil\u00e4umsjahr: 40 Jahre Meinlschmidt Raumkonzepte.<\/p> \n\t\t\t\t\t\t<\/div>\n\t\t\t\t\t\t<\/div>\n\t\t\t\t\t<\/div>\n\t\t\t\t<\/div>\n\t\t\t  <\/div>\n\t\t\t<\/li>\n\t\t\t\t\t\t<li class=\"timeline-right\">\n\t\t\t \n\t\t\t<div class=\"tl-circ\"><\/div>\n\t\t\t  <div class=\"timeline-panel\">\n\t\t\t\t<div class=\"tl-heading\">\n\t\t\t\t\t<div class=\"tl-content\">\n\t\t\t\t\t\t\t\t\t\t\t\t<div class=\"be-desc\">\n\t\t\t\t\t\t<h2 class=\"be-title\">2020<\/h2>\t\t\t\t\t\t<div class=\"be-content\">\n\t\t\t\t\t\t\t<p><strong>\/<\/strong> Die Faltermaier Raumkonzepte GmbH in Albershausen bei G\u00f6ppingen wird zum 1.1.2020 Teil der Meinlschmidt Unternehmensgruppe.<\/p> \n\t\t\t\t\t\t<\/div>\n\t\t\t\t\t\t<\/div>\n\t\t\t\t\t<\/div>\n\t\t\t\t<\/div>\n\t\t\t  <\/div>\n\t\t\t<\/li>\n\t\t\t\t\t\t\t<li class=\"timeline-inverted\">\n\t\t\t \n\t\t\t<div class=\"tl-circ\"><\/div>\n\t\t\t  <div class=\"timeline-panel\">\n\t\t\t\t<div class=\"tl-heading\">\n\t\t\t\t\t<div class=\"tl-content\">\n\t\t\t\t\t\t\t\t\t\t\t\t<div class=\"be-desc\">\n\t\t\t\t\t\t<h2 class=\"be-title\">2021<\/h2>\t\t\t\t\t\t<div class=\"be-content\">\n\t\t\t\t\t\t\t<p><strong>\/\u202f<\/strong>Mit Bucher+Meinlschmidt Raumkonzepte in Memmingen erweitert die Gruppe ihren Aktionsradius in S\u00fcdostdeutschland.<\/p> \n\t\t\t\t\t\t<\/div>\n\t\t\t\t\t\t<\/div>\n\t\t\t\t\t<\/div>\n\t\t\t\t<\/div>\n\t\t\t  <\/div>\n\t\t\t<\/li>\n\t\t\t\t\t\t<li class=\"timeline-right\">\n\t\t\t \n\t\t\t<div class=\"tl-circ\"><\/div>\n\t\t\t  <div class=\"timeline-panel\">\n\t\t\t\t<div class=\"tl-heading\">\n\t\t\t\t\t<div class=\"tl-content\">\n\t\t\t\t\t\t\t\t\t\t\t\t<div class=\"be-desc\">\n\t\t\t\t\t\t<h2 class=\"be-title\">2022<\/h2>\t\t\t\t\t\t<div class=\"be-content\">\n\t\t\t\t\t\t\t<p><strong>\/\u202f<\/strong>Michael Ortmann \u2013 bis dato Niederlassungsleiter von Meinlschmidt Balingen \u2013 wird zum 1. Januar 2022 Gesch\u00e4ftsf\u00fchrer der Meinlschmidt Raumkonzepte GmbH und der Office Vision GmbH Gesellschaft f\u00fcr digitale Planungskompetenz.<\/p> \n\t\t\t\t\t\t<\/div>\n\t\t\t\t\t\t<\/div>\n\t\t\t\t\t<\/div>\n\t\t\t\t<\/div>\n\t\t\t  <\/div>\n\t\t\t<\/li>\n\t\t\t\t\t\t\t<li class=\"timeline-inverted\">\n\t\t\t \n\t\t\t<div class=\"tl-circ\"><\/div>\n\t\t\t  <div class=\"timeline-panel\">\n\t\t\t\t<div class=\"tl-heading\">\n\t\t\t\t\t<div class=\"tl-content\">\n\t\t\t\t\t\t\t\t\t\t\t\t<div class=\"be-desc\">\n\t\t\t\t\t\t<h2 class=\"be-title\">2023<\/h2>\t\t\t\t\t\t<div class=\"be-content\">\n\t\t\t\t\t\t\t<p><strong>\/<\/strong> Gemeinsam stark in die Zukunft: Die Abteilung Objektdesign der Fey messe und objektdesign GmbH in Ulm schlie\u00dft sich mit der Meinlschmidt Unternehmensgruppe zusammen.<\/p><p>\/ Alle acht Standorte und alle zugeh\u00f6rigen Firmen verschmelzen zu einer Marke. Damit ist die Meinlschmidt Raumkonzepte GmbH zu einem der f\u00fchrenden B\u00fcroeinrichter in S\u00fcddeutschland gewachsen. Michael Ortmann wird als zweiter Gesch\u00e4ftsf\u00fchrer neben Walter Meinlschmidt das Unternehmen leiten.<\/p><p>\/ Wir feiern 45j\u00e4hriges Jubil\u00e4um.<\/p> \n\t\t\t\t\t\t<\/div>\n\t\t\t\t\t\t<\/div>\n\t\t\t\t\t<\/div>\n\t\t\t\t<\/div>\n\t\t\t  <\/div>\n\t\t\t<\/li>\n\t\t\t\t\t\t<li class=\"timeline-right\">\n\t\t\t \n\t\t\t<div class=\"tl-circ\"><\/div>\n\t\t\t  <div class=\"timeline-panel\">\n\t\t\t\t<div class=\"tl-heading\">\n\t\t\t\t\t<div class=\"tl-content\">\n\t\t\t\t\t\t\t\t\t\t\t\t<div class=\"be-desc\">\n\t\t\t\t\t\t<h2 class=\"be-title\">2024<\/h2>\t\t\t\t\t\t<div class=\"be-content\">\n\t\t\t\t\t\t\t<p>\/ <span class=\"ui-provider bjt bju bjv bjw bjx bjy bjz bka bkb bkc bkd bke bkf bkg bkh bki bkj bkk bkl bkm bkn bko bkp bkq bkr bks bkt bku bkv bkw bkx bky bkz bla blb\" dir=\"ltr\">Office Vision\u00ae und Living Lab <\/span>werden als Marken der Meinlschmidt Raumkonzepte GmbH registriert.\u00a0<\/p><p>\/ b\u00fcro + raum GmbH in M\u00fcnchen wird als neunter Standort teil der Arbeitswelten Vision\u00e4re.<\/p> \n\t\t\t\t\t\t<\/div>\n\t\t\t\t\t\t<\/div>\n\t\t\t\t\t<\/div>\n\t\t\t\t<\/div>\n\t\t\t  <\/div>\n\t\t\t<\/li>\n\t\t\t \n      <\/ul>\n\n\t\t\t\t\t<\/div>\n\t\t\t\t<\/div>\n\t\t\t\t\t<\/div>\n\t\t\t\t<\/div>\n\t\t\t\t<\/div>\n\t\t","protected":false},"excerpt":{"rendered":"<p>1978 \u00a0\/\u202fGr\u00fcndung durch Walter Meinlschmidt sen. in Balingen. 1990 \/\u202f\u00dcbernahme der W.Meinlschmidt GmbH durch Walter Meinlschmidt jun. 2003 \/\u202f25-j\u00e4hriges Betriebsjubil\u00e4um. 2008 \/\u202fim Dezember er\u00f6ffnet unsere neue Ausstellung mit Verwaltung in Singen im Hegau Tower (unser Radolfzeller B\u00fcro wurde nach Singen verlegt). \/ 30 Jahre W. Meinlschmidt GmbH \u2013 Der B\u00fcroeinrichter. 2011 \/\u202fWir investieren in die [&hellip;]<\/p>\n","protected":false},"author":4,"featured_media":0,"parent":0,"menu_order":0,"comment_status":"closed","ping_status":"closed","template":"","meta":{"_acf_changed":false,"content-type":"","footnotes":""},"class_list":["post-11145","page","type-page","status-publish","hentry"],"acf":[],"yoast_head":"<!-- This site is optimized with the Yoast SEO plugin v24.2 - https:\/\/yoast.com\/wordpress\/plugins\/seo\/ -->\n<title>Geschichte Meinlschmidt - Meinlschmidt M\u00fcnchen<\/title>\n<meta name=\"robots\" content=\"index, follow, max-snippet:-1, max-image-preview:large, max-video-preview:-1\" \/>\n<link rel=\"canonical\" href=\"https:\/\/meinlschmidt.de\/meinlschmidt-muenchen\/geschichte-meinlschmidt\/\" \/>\n<meta property=\"og:locale\" content=\"de_DE\" \/>\n<meta property=\"og:type\" content=\"article\" \/>\n<meta property=\"og:title\" content=\"Geschichte Meinlschmidt - Meinlschmidt M\u00fcnchen\" \/>\n<meta property=\"og:description\" content=\"1978 \u00a0\/\u202fGr\u00fcndung durch Walter Meinlschmidt sen. in Balingen. 1990 \/\u202f\u00dcbernahme der W.Meinlschmidt GmbH durch Walter Meinlschmidt jun. 2003 \/\u202f25-j\u00e4hriges Betriebsjubil\u00e4um. 2008 \/\u202fim Dezember er\u00f6ffnet unsere neue Ausstellung mit Verwaltung in Singen im Hegau Tower (unser Radolfzeller B\u00fcro wurde nach Singen verlegt). \/ 30 Jahre W. Meinlschmidt GmbH \u2013 Der B\u00fcroeinrichter. 2011 \/\u202fWir investieren in die [&hellip;]\" \/>\n<meta property=\"og:url\" content=\"https:\/\/meinlschmidt.de\/meinlschmidt-muenchen\/geschichte-meinlschmidt\/\" \/>\n<meta property=\"og:site_name\" content=\"Meinlschmidt M\u00fcnchen\" \/>\n<meta property=\"article:modified_time\" content=\"2024-07-16T13:43:35+00:00\" \/>\n<meta name=\"twitter:card\" content=\"summary_large_image\" \/>\n<meta name=\"twitter:label1\" content=\"Gesch\u00e4tzte Lesezeit\" \/>\n\t<meta name=\"twitter:data1\" content=\"2\u00a0Minuten\" \/>\n<script type=\"application\/ld+json\" class=\"yoast-schema-graph\">{\"@context\":\"https:\/\/schema.org\",\"@graph\":[{\"@type\":\"WebPage\",\"@id\":\"https:\/\/meinlschmidt.de\/meinlschmidt-muenchen\/geschichte-meinlschmidt\/\",\"url\":\"https:\/\/meinlschmidt.de\/meinlschmidt-muenchen\/geschichte-meinlschmidt\/\",\"name\":\"Geschichte Meinlschmidt - Meinlschmidt M\u00fcnchen\",\"isPartOf\":{\"@id\":\"https:\/\/meinlschmidt.de\/meinlschmidt-muenchen\/#website\"},\"datePublished\":\"2024-03-08T10:30:07+00:00\",\"dateModified\":\"2024-07-16T13:43:35+00:00\",\"breadcrumb\":{\"@id\":\"https:\/\/meinlschmidt.de\/meinlschmidt-muenchen\/geschichte-meinlschmidt\/#breadcrumb\"},\"inLanguage\":\"de\",\"potentialAction\":[{\"@type\":\"ReadAction\",\"target\":[\"https:\/\/meinlschmidt.de\/meinlschmidt-muenchen\/geschichte-meinlschmidt\/\"]}]},{\"@type\":\"BreadcrumbList\",\"@id\":\"https:\/\/meinlschmidt.de\/meinlschmidt-muenchen\/geschichte-meinlschmidt\/#breadcrumb\",\"itemListElement\":[{\"@type\":\"ListItem\",\"position\":1,\"name\":\"Startseite\",\"item\":\"https:\/\/meinlschmidt.de\/meinlschmidt-muenchen\/\"},{\"@type\":\"ListItem\",\"position\":2,\"name\":\"Geschichte Meinlschmidt\"}]},{\"@type\":\"WebSite\",\"@id\":\"https:\/\/meinlschmidt.de\/meinlschmidt-muenchen\/#website\",\"url\":\"https:\/\/meinlschmidt.de\/meinlschmidt-muenchen\/\",\"name\":\"Meinlschmidt M\u00fcnchen\",\"description\":\"\",\"potentialAction\":[{\"@type\":\"SearchAction\",\"target\":{\"@type\":\"EntryPoint\",\"urlTemplate\":\"https:\/\/meinlschmidt.de\/meinlschmidt-muenchen\/?s={search_term_string}\"},\"query-input\":{\"@type\":\"PropertyValueSpecification\",\"valueRequired\":true,\"valueName\":\"search_term_string\"}}],\"inLanguage\":\"de\"}]}<\/script>\n<!-- \/ Yoast SEO plugin. -->","yoast_head_json":{"title":"Geschichte Meinlschmidt - Meinlschmidt M\u00fcnchen","robots":{"index":"index","follow":"follow","max-snippet":"max-snippet:-1","max-image-preview":"max-image-preview:large","max-video-preview":"max-video-preview:-1"},"canonical":"https:\/\/meinlschmidt.de\/meinlschmidt-muenchen\/geschichte-meinlschmidt\/","og_locale":"de_DE","og_type":"article","og_title":"Geschichte Meinlschmidt - Meinlschmidt M\u00fcnchen","og_description":"1978 \u00a0\/\u202fGr\u00fcndung durch Walter Meinlschmidt sen. in Balingen. 1990 \/\u202f\u00dcbernahme der W.Meinlschmidt GmbH durch Walter Meinlschmidt jun. 2003 \/\u202f25-j\u00e4hriges Betriebsjubil\u00e4um. 2008 \/\u202fim Dezember er\u00f6ffnet unsere neue Ausstellung mit Verwaltung in Singen im Hegau Tower (unser Radolfzeller B\u00fcro wurde nach Singen verlegt). \/ 30 Jahre W. Meinlschmidt GmbH \u2013 Der B\u00fcroeinrichter. 2011 \/\u202fWir investieren in die [&hellip;]","og_url":"https:\/\/meinlschmidt.de\/meinlschmidt-muenchen\/geschichte-meinlschmidt\/","og_site_name":"Meinlschmidt M\u00fcnchen","article_modified_time":"2024-07-16T13:43:35+00:00","twitter_card":"summary_large_image","twitter_misc":{"Gesch\u00e4tzte Lesezeit":"2\u00a0Minuten"},"schema":{"@context":"https:\/\/schema.org","@graph":[{"@type":"WebPage","@id":"https:\/\/meinlschmidt.de\/meinlschmidt-muenchen\/geschichte-meinlschmidt\/","url":"https:\/\/meinlschmidt.de\/meinlschmidt-muenchen\/geschichte-meinlschmidt\/","name":"Geschichte Meinlschmidt - Meinlschmidt M\u00fcnchen","isPartOf":{"@id":"https:\/\/meinlschmidt.de\/meinlschmidt-muenchen\/#website"},"datePublished":"2024-03-08T10:30:07+00:00","dateModified":"2024-07-16T13:43:35+00:00","breadcrumb":{"@id":"https:\/\/meinlschmidt.de\/meinlschmidt-muenchen\/geschichte-meinlschmidt\/#breadcrumb"},"inLanguage":"de","potentialAction":[{"@type":"ReadAction","target":["https:\/\/meinlschmidt.de\/meinlschmidt-muenchen\/geschichte-meinlschmidt\/"]}]},{"@type":"BreadcrumbList","@id":"https:\/\/meinlschmidt.de\/meinlschmidt-muenchen\/geschichte-meinlschmidt\/#breadcrumb","itemListElement":[{"@type":"ListItem","position":1,"name":"Startseite","item":"https:\/\/meinlschmidt.de\/meinlschmidt-muenchen\/"},{"@type":"ListItem","position":2,"name":"Geschichte Meinlschmidt"}]},{"@type":"WebSite","@id":"https:\/\/meinlschmidt.de\/meinlschmidt-muenchen\/#website","url":"https:\/\/meinlschmidt.de\/meinlschmidt-muenchen\/","name":"Meinlschmidt M\u00fcnchen","description":"","potentialAction":[{"@type":"SearchAction","target":{"@type":"EntryPoint","urlTemplate":"https:\/\/meinlschmidt.de\/meinlschmidt-muenchen\/?s={search_term_string}"},"query-input":{"@type":"PropertyValueSpecification","valueRequired":true,"valueName":"search_term_string"}}],"inLanguage":"de"}]}},"_links":{"self":[{"href":"https:\/\/meinlschmidt.de\/meinlschmidt-muenchen\/wp-json\/wp\/v2\/pages\/11145","targetHints":{"allow":["GET"]}}],"collection":[{"href":"https:\/\/meinlschmidt.de\/meinlschmidt-muenchen\/wp-json\/wp\/v2\/pages"}],"about":[{"href":"https:\/\/meinlschmidt.de\/meinlschmidt-muenchen\/wp-json\/wp\/v2\/types\/page"}],"author":[{"embeddable":true,"href":"https:\/\/meinlschmidt.de\/meinlschmidt-muenchen\/wp-json\/wp\/v2\/users\/4"}],"replies":[{"embeddable":true,"href":"https:\/\/meinlschmidt.de\/meinlschmidt-muenchen\/wp-json\/wp\/v2\/comments?post=11145"}],"version-history":[{"count":12,"href":"https:\/\/meinlschmidt.de\/meinlschmidt-muenchen\/wp-json\/wp\/v2\/pages\/11145\/revisions"}],"predecessor-version":[{"id":12824,"href":"https:\/\/meinlschmidt.de\/meinlschmidt-muenchen\/wp-json\/wp\/v2\/pages\/11145\/revisions\/12824"}],"wp:attachment":[{"href":"https:\/\/meinlschmidt.de\/meinlschmidt-muenchen\/wp-json\/wp\/v2\/media?parent=11145"}],"curies":[{"name":"wp","href":"https:\/\/api.w.org\/{rel}","templated":true}]}}