{"id":6532,"date":"2022-07-04T15:32:36","date_gmt":"2022-07-04T13:32:36","guid":{"rendered":"https:\/\/meinlschmidt.de\/?page_id=6532"},"modified":"2023-12-13T12:03:25","modified_gmt":"2023-12-13T11:03:25","slug":"agb","status":"publish","type":"page","link":"https:\/\/meinlschmidt.de\/en\/agb\/","title":{"rendered":"AGB"},"content":{"rendered":"<div data-elementor-type=\"wp-page\" data-elementor-id=\"6532\" class=\"elementor elementor-6532\" data-elementor-post-type=\"page\">\n\t\t\t\t<div class=\"elementor-element elementor-element-946e019 e-flex e-con-boxed e-con e-parent\" data-id=\"946e019\" data-element_type=\"container\">\n\t\t\t\t\t<div class=\"e-con-inner\">\n\t\t\t\t<div class=\"elementor-element elementor-element-203d757 elementor-widget elementor-widget-heading\" data-id=\"203d757\" data-element_type=\"widget\" data-widget_type=\"heading.default\">\n\t\t\t\t\t<h2 class=\"elementor-heading-title elementor-size-default\">Allgemeine Gesch\u00e4ftsbedingungen der Meinlschmidt Raumkonzepte GmbH<\/h2>\t\t\t\t<\/div>\n\t\t\t\t\t<\/div>\n\t\t\t\t<\/div>\n\t\t<div class=\"elementor-element elementor-element-11a961d e-flex e-con-boxed e-con e-parent\" data-id=\"11a961d\" data-element_type=\"container\">\n\t\t\t\t\t<div class=\"e-con-inner\">\n\t\t\t\t<div class=\"elementor-element elementor-element-3bcb24c elementor-widget elementor-widget-text-editor\" data-id=\"3bcb24c\" data-element_type=\"widget\" data-widget_type=\"text-editor.default\">\n\t\t\t\t\t\t\t\t\t<p><strong>1. Geltungsbereich<\/strong><\/p>\n<p>1.1 Nachstehende Allgemeine Gesch\u00e4ftsbedingung- gen sind Vertragsbestandteil aller Lieferungen und Leistungen unserer Firma. Abweichende Bedin- gungen des Kunden werden nicht Vertragsinhalt, auch wenn wir ihnen nicht ausdr\u00fccklich widersprechen.<\/p>\n<p>1.2 Abweichende m\u00fcndliche Nebenabreden bestehen nicht.<\/p>\n<p><strong>2. Zustandekommen eines Vertrages<\/strong><\/p>\n<p>2.1 Unsere Angebote sind stets freibleibend und stellen lediglich eine Aufforderung an unseren Kunden zur Abgabe eines Angebots dar. Erst durch die Bestellung des Kunden kommt ein bindendes Angebot zum Abschluss eines Vertrages zustande.<\/p>\n<p>2.2 Ein Auftrag an uns gilt erst dann als angenommen, wenn wir die Annahme des Auftrags schriftlich best\u00e4tigt haben.<\/p>\n<p>2.3 Abweichungen in Struktur und Farbe gegen\u00fcber dem Ausstellungsst\u00fcck oder Abbildungen in Katalogen, Preislisten etc. bleiben vorbehalten, soweit diese in der Natur der verwendeten Materialien (Massivh\u00f6lzer, Furniere, Naturstein- platten, Leder, textile Produkte) liegen und handels\u00fcblich sind.<\/p>\n<p><strong>3. Lieferzeit<\/strong><\/p>\n<p>3.1 Wenn in den Vertragsunterlagen f\u00fcr Lieferungen oder Leistungen ein Datum oder eine Frist angegeben ist oder daraus ermittelt werden kann, bezeichnet sie nur die F\u00e4lligkeit der Lieferung. Werden solche Lieferfristen oder \u2013 Termine schuldhaft nicht eingehalten, ist der Kunde berechtigt, uns eine angemessene Nachfrist zu setzen und nach erfolgtem Ablauf der Nachfrist vom Vertrag zur\u00fcckzutreten und Schadensersatz zu verlangen gem. Ziffer 3.3. F\u00fcr Fristen und Termine, die keinesfalls \u00fcberschritten werden d\u00fcrfen (Fixgesch\u00e4fte) muss diese Eigenschaft ausdr\u00fccklich und unmissverst\u00e4ndlich vereinbart sein.<\/p>\n<p>3.2 Sollten wir infolge h\u00f6herer Gewalt und sonstiger unvorhersehbarer, au\u00dfergew\u00f6hnlicher und unverschuldeter Umst\u00e4nde, wie z.B. Betriebsst\u00f6rungen, Streik, Aussperrung, Krieg sowie Verz\u00f6gerungen in der Auslieferung wesentlicher Materialien, soweit solche Hindernisse nachweislich auf die Lieferung des Liefergegenstandes von erheblichem Einfluss sind, an der Lieferung gehindert sein, sind wir berechtigt, nach Behebung des Hindernisses zu liefern. Dies gilt auch, wenn die Umst\u00e4nde bei Unterlieferern eintreten. Wird durch die genannten Umst\u00e4nde die Lieferung oder Leistung unm\u00f6glich oder unzumutbar, so werden wir von der Lieferverpflichtung frei. Ein Schadensersatzanspruch des Kunden besteht nicht.<\/p>\n<p>3.3 Unsere Schadensersatzpflicht wegen Verzugs im Fall leichter Fahrl\u00e4ssigkeit ist auf einen Betrag in H\u00f6he von 30 % des vorhersehbaren Schadens begrenzt. Weitergehende Schadensersatzanspr\u00fcche bestehen nur, wenn der Verzug auf einer zus\u00e4tzlichen oder grob fahrl\u00e4ssigen Pflichtverletzung von uns oder eines unserer gesetzlichen Vertreter oder Erf\u00fcllungsgehilfen beruht.<\/p>\n<p><strong>4. Versand, Gefahrtragung, Erf\u00fcllungsort<\/strong><\/p>\n<p>4.1 Erf\u00fcllungsort f\u00fcr unsere Leistungen gegen\u00fcber Kaufleuten, juristischen Personen des \u00f6ffentlichen Rechts und \u00f6ffentlich-rechtlichen Sonder- verm\u00f6gen ist der Sitz unserer Gesellschaft.<\/p>\n<p>4.2 Wird die Ware auf Wunsch des Kunden an einen anderen Ort als den Erf\u00fcllungsort versandt (Versendungskauf), geht die Gefahr mit der \u00dcbergabe an die Transportperson \u00fcber. Dies gilt auch bei Versendung der Ware innerhalb des gleichen Ortes und f\u00fcr den Fall, dass wir die Ware mit eigenen Transportmitteln transportieren. Handelt es sich bei dem Kunden um einen Verbraucher, findet diese Klausel keine Anwendung.<\/p>\n<p><strong>5. Preise und Zahlungsbedingungen<\/strong><\/p>\n<p>5.1 Die Preise gelten ab unserem Lager ohne Verpackung, soweit nicht im Einzelfall etwas anderes vereinbart wird. Zu den Preisen kommt die Mehrwertsteuer in der jeweiligen gesetzlichen H\u00f6he hinzu. Die Kosten f\u00fcr die Auslieferung der Ware tr\u00e4gt der Kunde. S\u00e4mtliche zus\u00e4tzlichen Leistungen, insbesondere das Vertragen der Ware in die R\u00e4umlichkeiten, das Aufstellen und die Montage der Ware werden zus\u00e4tzlich in Rechnung gestellt.<\/p>\n<p>5.2 Rechnungen sind sofort f\u00e4llig. Wir behalten uns jedoch vor, nur gegen Vorauszahlung zu liefern. Zahlungsziele verschieben nicht die F\u00e4lligkeit, sondern das kalenderm\u00e4\u00dfig bestimmte sp\u00e4teste Datum der Zahlung.<\/p>\n<p><strong>6. Abtretung<\/strong><\/p>\n<p>Der Kunde darf seine Forderungen gegen uns, gleich welcher Art und gleich aus welchem Rechtsgrund, nicht an Dritte abtreten.<\/p>\n<p><strong>7. Eigentumsvorbehalt<\/strong><\/p>\n<p>7.1 Alle von uns gelieferten Waren bleiben bis zur voll- st\u00e4ndigen Bezahlung der Ware unser Eigentum.<\/p>\n<p>7.2 Handelt es sich bei dem Kunden um einen Kaufmann, so bleiben alle von uns gelieferten Waren bis zur vollst\u00e4ndigen Bezahlung s\u00e4mtlicher uns aus der gesamten Gesch\u00e4ftsverbindung mit dem Kunden zustehenden Forderungen unser Eigentum.<\/p>\n<p>7.3 Der Kunde ist berechtigt, die unter Eigentumsvorbehalt stehende Ware im ordentlichen Gesch\u00e4fts- gang weiter zu ver\u00e4u\u00dfern, eine Verpf\u00e4ndung oder Sicherungs\u00fcbereignung ist ihm jedoch nicht gestattet. F\u00fcr den Fall der Weiterver\u00e4u\u00dferung tritt der Kunde bereits jetzt die ihm aus der Weiterver\u00e4u\u00dferung entstehenden Forderungen und sonstige Anspr\u00fcche gegen seine Kunden mit allen Nebenrechten in H\u00f6he des Wertes der Vorbehaltswaren an uns ab. Wir nehmen diese Abtretung des Kunden schon jetzt an.<\/p>\n<p>7.4 Wir sind auf Verlangen des Kunden zur R\u00fcck\u00fcbertragung bzw. Freigabe der Sicherheiten verpflichtet, wenn der Wert der uns gegebenen Sicherheiten die H\u00f6he unserer Forderungen um insgesamt mehr als 10 % \u00fcbersteigt.<\/p>\n<p>7.5 Der Kunde ist zum pfleglichen Umgang mit der unter Eigentumsvorbehalt stehenden Ware verpflichtet. Wir haben das Recht, die unter Eigentumsvorbehalt stehende Ware nach vorheriger Ank\u00fcndigung jederzeit in Augenschein zu nehmen. Der Kunde verpflichtet sich bei der unter Eigentumsvorbehalt stehenden Ware zur Durchf\u00fchrung regelm\u00e4\u00dfiger Inspektions- und Wartungsarbeiten und der Tragung der damit verbundenen Kosten.<\/p>\n<p>7.6 Von Zwangsvollstreckungsma\u00dfnahmen Dritter in die Vorbehaltsware oder in die im Voraus abgetretenen Forderungen hat der Kunde uns unverz\u00fcglich unter \u00dcbergabe der f\u00fcr eine Intervention notwendigen Unterlagen zu unter- richten.<\/p>\n<p>7.7 Der Kunde ist verpflichtet, f\u00fcr die Dauer der G\u00fcltigkeit des Eigentumsvorbehalts auf seine Kosten Versicherungen gegen \u00fcbliche Risiken abzuschlie\u00dfen und aufrecht zu erhalten und uns diese auf Verlangen nachzuweisen.<\/p>\n<p>7.8 Wir erm\u00e4chtigen den Kunden widerruflich zur Einziehung der an uns abgetretenen Forderung bzw. Forderungsteile. Diese Einziehungserm\u00e4chtigung kann nur widerrufen werden, wenn der K\u00e4ufer seinen Zahlungsverpflichtungen nicht ordnungsgem\u00e4\u00df nachkommt.<\/p>\n<p>7.9 Der Kunde hat die unter Eigentumsvorbehalt stehenden Waren gesondert zu lagern und als solche zu kennzeichnen.<\/p>\n<p><strong>8. Gew\u00e4hrleistung<\/strong><\/p>\n<p>8.1 Hat die Ware bei der Auslieferung M\u00e4ngel, die auch bei oberfl\u00e4chlicher Betrachtung erkennbar sind, so sind diese durch schriftliche M\u00e4ngelanzeige sp\u00e4testens innerhalb einer Frist von 2 Wochen zu r\u00fcgen. Nach Ablauf der Frist erlischt unsere Gew\u00e4hrleistungspflicht, wenn der Kunde den Mangel nicht form- und fristgerecht ger\u00fcgt hat.<\/p>\n<p>8.2 Ist die gelieferte Ware mangelhaft, sind wir nach unserer Wahl zur M\u00e4ngelbeseitigung oder Ersatzlieferung (Nacherf\u00fcllung) berechtigt. Im Falle der Nacherf\u00fcllung sind wir verpflichtet, alle zum Zweck der Nacherf\u00fcllung erforderlichen Aufwendungen, insbesondere Transport-, Wege-, Arbeits- und Materialkosten zu tragen.<\/p>\n<p>8.3 Schl\u00e4gt die Nacherf\u00fcllung fehl oder sind wir zur Nacherf\u00fcllung nicht bereit oder nicht in der Lage, oder verz\u00f6gert sich diese \u00fcber angemessene Fristen hinaus aus Gr\u00fcnden, die wir zu vertreten haben, ist der Kunde nach seiner Wahl berechtigt, vom Vertrag zur\u00fcckzutreten oder eine Herabsetzung des Kaufpreises (Minderung) zu verlangen.<\/p>\n<p>8.4 Wir leisten f\u00fcr die M\u00e4ngelfreiheit unserer Ware Gew\u00e4hr f\u00fcr den Zeitraum von einem Jahr ab Lieferung. Handelt es sich bei unserem Kunden um einen Verbraucher, betr\u00e4gt die Gew\u00e4hrleistungsfrist zwei Jahre ab Lieferung der Ware.<\/p>\n<p>8.5 Dar\u00fcberhinausgehende Anspr\u00fcche des Kunden, insbesondere Schadensersatzanspr\u00fcche ein- schlie\u00dflich entgangenem Gewinn oder wegen sonstiger Verm\u00f6genssch\u00e4den des Kunden sind ausgeschlossen.<\/p>\n<p>8.6 Vorstehende Haftungsbeschr\u00e4nkung gilt nicht, soweit der Schaden auf einer vors\u00e4tzlichen oder grob fahrl\u00e4ssigen Pflichtverletzung von uns, eines gesetzlichen Vertreters oder Erf\u00fcllungsgehilfen beruht sowie bei schuldhafter Verletzung wesentlicher Vertragspflichten. Bei der schuldhaften Verletzung wesentlicher Vertragspflichten haften wir nur f\u00fcr den vertragstypischen, vorhersehbaren Schaden.<\/p>\n<p>8.7 Die Haftungsbeschr\u00e4nkung gilt ferner nicht f\u00fcr Sch\u00e4den aus der Verletzung des Lebens, des K\u00f6rpers oder der Gesundheit, die auf einer fahrl\u00e4ssigen Pflichtverletzung von uns oder einer vors\u00e4tzlichen oder fahrl\u00e4ssigen Pflichtverletzung unseres gesetzlichen Vertreters oder Erf\u00fcllungsgehilfen beruhen.<\/p>\n<p><strong>9. Annahmeverzug<\/strong><\/p>\n<p>9.1 Ger\u00e4t der Kunde in Annahmeverzug, k\u00f6nnen wir dem Kunden eine angemessene Nachfrist zur Annahme der Ware setzen. Nach erfolglosem Ablauf der Nachfrist sind wir berechtigt, vom Vertrag zur\u00fcckzutreten oder Schadensersatz zu verlangen.<\/p>\n<p>9.2 Als Schadensersatz werden pauschal 15 % der Auftragssumme f\u00e4llig. Dem Kunden ist jedoch der Nachweis gestattet, dass uns ein Schaden \u00fcberhaupt nicht entstanden ist oder unser Schaden wesentlich niedriger ist als die Pauschale. Die Geltendmachung eines weiteren Schadens \u00fcber den pauschalierten Schadensersatz hinaus bleibt ausdr\u00fccklich vorbehalten.<\/p>\n<p><strong>10. Rechtswahl<\/strong><\/p>\n<p>Die Rechtsbeziehungen zwischen den Kunden, auch ausl\u00e4ndischen, und uns unterliegen aus- schlie\u00dflich dem Recht der Bundesrepublik Deutschland. Die Anwendbarkeit des einheit- lichen UN-Kaufrechts ist ausgeschlossen.<\/p>\n<p><strong>11. Gerichtsstandvereinbarung<\/strong><\/p>\n<p>Gerichtsstand f\u00fcr s\u00e4mtliche zwischen den Parteien aus dem Vertragsverh\u00e4ltnis ergebenden Streitigkeiten ist, soweit der Kunde Kaufmann, juristische Person des \u00f6ffentlichen Rechts oder \u00f6ffentlich- rechtliches Sonderverm\u00f6gen ist, der Sitz unserer Gesellschaft.<\/p>\n<p><\/p>\n<p>Balingen, Oktober 2023<\/p>\t\t\t\t\t\t\t\t<\/div>\n\t\t\t\t\t<\/div>\n\t\t\t\t<\/div>\n\t\t\t\t<\/div>","protected":false},"excerpt":{"rendered":"<p>Allgemeine Gesch\u00e4ftsbedingungen der Meinlschmidt Raumkonzepte GmbH 1. Geltungsbereich 1.1 Nachstehende Allgemeine Gesch\u00e4ftsbedingung- gen sind Vertragsbestandteil aller Lieferungen und Leistungen unserer Firma. Abweichende Bedin- gungen des Kunden werden nicht Vertragsinhalt, auch wenn wir ihnen nicht ausdr\u00fccklich widersprechen. 1.2 Abweichende m\u00fcndliche Nebenabreden bestehen nicht. 2. Zustandekommen eines Vertrages 2.1 Unsere Angebote sind stets freibleibend und stellen lediglich [&hellip;]<\/p>","protected":false},"author":1,"featured_media":0,"parent":0,"menu_order":0,"comment_status":"closed","ping_status":"closed","template":"elementor_header_footer","meta":{"_acf_changed":false,"content-type":"","footnotes":""},"class_list":["post-6532","page","type-page","status-publish","hentry"],"acf":[],"yoast_head":"<!-- This site is optimized with the Yoast SEO plugin v24.2 - https:\/\/yoast.com\/wordpress\/plugins\/seo\/ -->\n<title>AGB - Meinlschmidt<\/title>\n<meta name=\"robots\" content=\"index, follow, max-snippet:-1, max-image-preview:large, max-video-preview:-1\" \/>\n<link rel=\"canonical\" href=\"https:\/\/meinlschmidt.de\/en\/agb\/\" \/>\n<meta property=\"og:locale\" content=\"en_US\" \/>\n<meta property=\"og:type\" content=\"article\" \/>\n<meta property=\"og:title\" content=\"AGB - Meinlschmidt\" \/>\n<meta property=\"og:description\" content=\"Allgemeine Gesch\u00e4ftsbedingungen der Meinlschmidt Raumkonzepte GmbH 1. Geltungsbereich 1.1 Nachstehende Allgemeine Gesch\u00e4ftsbedingung- gen sind Vertragsbestandteil aller Lieferungen und Leistungen unserer Firma. Abweichende Bedin- gungen des Kunden werden nicht Vertragsinhalt, auch wenn wir ihnen nicht ausdr\u00fccklich widersprechen. 1.2 Abweichende m\u00fcndliche Nebenabreden bestehen nicht. 2. Zustandekommen eines Vertrages 2.1 Unsere Angebote sind stets freibleibend und stellen lediglich [&hellip;]\" \/>\n<meta property=\"og:url\" content=\"https:\/\/meinlschmidt.de\/en\/agb\/\" \/>\n<meta property=\"og:site_name\" content=\"Meinlschmidt\" \/>\n<meta property=\"article:modified_time\" content=\"2023-12-13T11:03:25+00:00\" \/>\n<meta name=\"twitter:card\" content=\"summary_large_image\" \/>\n<meta name=\"twitter:label1\" content=\"Est. reading time\" \/>\n\t<meta name=\"twitter:data1\" content=\"8 minutes\" \/>\n<script type=\"application\/ld+json\" class=\"yoast-schema-graph\">{\"@context\":\"https:\/\/schema.org\",\"@graph\":[{\"@type\":\"WebPage\",\"@id\":\"https:\/\/meinlschmidt.de\/agb\/\",\"url\":\"https:\/\/meinlschmidt.de\/agb\/\",\"name\":\"AGB - Meinlschmidt\",\"isPartOf\":{\"@id\":\"https:\/\/meinlschmidt.de\/#website\"},\"datePublished\":\"2022-07-04T13:32:36+00:00\",\"dateModified\":\"2023-12-13T11:03:25+00:00\",\"breadcrumb\":{\"@id\":\"https:\/\/meinlschmidt.de\/agb\/#breadcrumb\"},\"inLanguage\":\"en-US\",\"potentialAction\":[{\"@type\":\"ReadAction\",\"target\":[\"https:\/\/meinlschmidt.de\/agb\/\"]}]},{\"@type\":\"BreadcrumbList\",\"@id\":\"https:\/\/meinlschmidt.de\/agb\/#breadcrumb\",\"itemListElement\":[{\"@type\":\"ListItem\",\"position\":1,\"name\":\"Startseite\",\"item\":\"https:\/\/meinlschmidt.de\/\"},{\"@type\":\"ListItem\",\"position\":2,\"name\":\"AGB\"}]},{\"@type\":\"WebSite\",\"@id\":\"https:\/\/meinlschmidt.de\/#website\",\"url\":\"https:\/\/meinlschmidt.de\/\",\"name\":\"Meinlschmidt\",\"description\":\"\",\"potentialAction\":[{\"@type\":\"SearchAction\",\"target\":{\"@type\":\"EntryPoint\",\"urlTemplate\":\"https:\/\/meinlschmidt.de\/?s={search_term_string}\"},\"query-input\":{\"@type\":\"PropertyValueSpecification\",\"valueRequired\":true,\"valueName\":\"search_term_string\"}}],\"inLanguage\":\"en-US\"}]}<\/script>\n<!-- \/ Yoast SEO plugin. -->","yoast_head_json":{"title":"AGB - Meinlschmidt","robots":{"index":"index","follow":"follow","max-snippet":"max-snippet:-1","max-image-preview":"max-image-preview:large","max-video-preview":"max-video-preview:-1"},"canonical":"https:\/\/meinlschmidt.de\/en\/agb\/","og_locale":"en_US","og_type":"article","og_title":"AGB - Meinlschmidt","og_description":"Allgemeine Gesch\u00e4ftsbedingungen der Meinlschmidt Raumkonzepte GmbH 1. Geltungsbereich 1.1 Nachstehende Allgemeine Gesch\u00e4ftsbedingung- gen sind Vertragsbestandteil aller Lieferungen und Leistungen unserer Firma. Abweichende Bedin- gungen des Kunden werden nicht Vertragsinhalt, auch wenn wir ihnen nicht ausdr\u00fccklich widersprechen. 1.2 Abweichende m\u00fcndliche Nebenabreden bestehen nicht. 2. Zustandekommen eines Vertrages 2.1 Unsere Angebote sind stets freibleibend und stellen lediglich [&hellip;]","og_url":"https:\/\/meinlschmidt.de\/en\/agb\/","og_site_name":"Meinlschmidt","article_modified_time":"2023-12-13T11:03:25+00:00","twitter_card":"summary_large_image","twitter_misc":{"Est. reading time":"8 minutes"},"schema":{"@context":"https:\/\/schema.org","@graph":[{"@type":"WebPage","@id":"https:\/\/meinlschmidt.de\/agb\/","url":"https:\/\/meinlschmidt.de\/agb\/","name":"AGB - Meinlschmidt","isPartOf":{"@id":"https:\/\/meinlschmidt.de\/#website"},"datePublished":"2022-07-04T13:32:36+00:00","dateModified":"2023-12-13T11:03:25+00:00","breadcrumb":{"@id":"https:\/\/meinlschmidt.de\/agb\/#breadcrumb"},"inLanguage":"en-US","potentialAction":[{"@type":"ReadAction","target":["https:\/\/meinlschmidt.de\/agb\/"]}]},{"@type":"BreadcrumbList","@id":"https:\/\/meinlschmidt.de\/agb\/#breadcrumb","itemListElement":[{"@type":"ListItem","position":1,"name":"Startseite","item":"https:\/\/meinlschmidt.de\/"},{"@type":"ListItem","position":2,"name":"AGB"}]},{"@type":"WebSite","@id":"https:\/\/meinlschmidt.de\/#website","url":"https:\/\/meinlschmidt.de\/","name":"Meinlschmidt","description":"","potentialAction":[{"@type":"SearchAction","target":{"@type":"EntryPoint","urlTemplate":"https:\/\/meinlschmidt.de\/?s={search_term_string}"},"query-input":{"@type":"PropertyValueSpecification","valueRequired":true,"valueName":"search_term_string"}}],"inLanguage":"en-US"}]}},"_links":{"self":[{"href":"https:\/\/meinlschmidt.de\/en\/wp-json\/wp\/v2\/pages\/6532","targetHints":{"allow":["GET"]}}],"collection":[{"href":"https:\/\/meinlschmidt.de\/en\/wp-json\/wp\/v2\/pages"}],"about":[{"href":"https:\/\/meinlschmidt.de\/en\/wp-json\/wp\/v2\/types\/page"}],"author":[{"embeddable":true,"href":"https:\/\/meinlschmidt.de\/en\/wp-json\/wp\/v2\/users\/1"}],"replies":[{"embeddable":true,"href":"https:\/\/meinlschmidt.de\/en\/wp-json\/wp\/v2\/comments?post=6532"}],"version-history":[{"count":31,"href":"https:\/\/meinlschmidt.de\/en\/wp-json\/wp\/v2\/pages\/6532\/revisions"}],"predecessor-version":[{"id":9405,"href":"https:\/\/meinlschmidt.de\/en\/wp-json\/wp\/v2\/pages\/6532\/revisions\/9405"}],"wp:attachment":[{"href":"https:\/\/meinlschmidt.de\/en\/wp-json\/wp\/v2\/media?parent=6532"}],"curies":[{"name":"wp","href":"https:\/\/api.w.org\/{rel}","templated":true}]}}