{"id":11033,"date":"2024-03-05T16:06:18","date_gmt":"2024-03-05T15:06:18","guid":{"rendered":"https:\/\/meinlschmidt.de\/?page_id=11033"},"modified":"2025-04-02T14:12:07","modified_gmt":"2025-04-02T12:12:07","slug":"magazin-bestellung","status":"publish","type":"page","link":"https:\/\/meinlschmidt.de\/en\/magazin-bestellung\/","title":{"rendered":"Magazin bestellung"},"content":{"rendered":"<div data-elementor-type=\"wp-page\" data-elementor-id=\"11033\" class=\"elementor elementor-11033\" data-elementor-post-type=\"page\">\n\t\t\t\t<div class=\"elementor-element elementor-element-cc909e7 e-flex e-con-boxed e-con e-parent\" data-id=\"cc909e7\" data-element_type=\"container\">\n\t\t\t\t\t<div class=\"e-con-inner\">\n\t\t<div class=\"elementor-element elementor-element-1671e5d e-con-full e-flex e-con e-child\" data-id=\"1671e5d\" data-element_type=\"container\">\n\t\t\t\t<div class=\"elementor-element elementor-element-0aa0fbe elementor-widget elementor-widget-image\" data-id=\"0aa0fbe\" data-element_type=\"widget\" data-widget_type=\"image.default\">\n\t\t\t\t\t\t\t\t\t\t\t\t\t\t\t\t<a href=\"https:\/\/meinlschmidt.de\/wp-content\/uploads\/2024\/04\/Inhaltsverzechnis-Mag1.pdf\">\n\t\t\t\t\t\t\t<img fetchpriority=\"high\" decoding=\"async\" width=\"786\" height=\"1024\" src=\"https:\/\/meinlschmidt.de\/wp-content\/uploads\/2025\/01\/Titel-Mag1-1-786x1024.png\" class=\"attachment-large size-large wp-image-13920\" alt=\"\" srcset=\"https:\/\/meinlschmidt.de\/wp-content\/uploads\/2025\/01\/Titel-Mag1-1-786x1024.png 786w, https:\/\/meinlschmidt.de\/wp-content\/uploads\/2025\/01\/Titel-Mag1-1-230x300.png 230w, https:\/\/meinlschmidt.de\/wp-content\/uploads\/2025\/01\/Titel-Mag1-1-768x1001.png 768w, https:\/\/meinlschmidt.de\/wp-content\/uploads\/2025\/01\/Titel-Mag1-1-1179x1536.png 1179w, https:\/\/meinlschmidt.de\/wp-content\/uploads\/2025\/01\/Titel-Mag1-1-1572x2048.png 1572w, https:\/\/meinlschmidt.de\/wp-content\/uploads\/2025\/01\/Titel-Mag1-1-9x12.png 9w\" sizes=\"(max-width: 786px) 100vw, 786px\" \/>\t\t\t\t\t\t\t\t<\/a>\n\t\t\t\t\t\t\t\t\t\t\t\t\t\t\t<\/div>\n\t\t\t\t<div class=\"elementor-element elementor-element-3426922 elementor-widget elementor-widget-text-editor\" data-id=\"3426922\" data-element_type=\"widget\" data-widget_type=\"text-editor.default\">\n\t\t\t\t\t\t\t\t\t<p>Ausgabe 2020<\/p>\t\t\t\t\t\t\t\t<\/div>\n\t\t\t\t<\/div>\n\t\t<div class=\"elementor-element elementor-element-e464dc7 e-con-full e-flex e-con e-child\" data-id=\"e464dc7\" data-element_type=\"container\">\n\t\t\t\t<div class=\"elementor-element elementor-element-5aa992b elementor-widget elementor-widget-image\" data-id=\"5aa992b\" data-element_type=\"widget\" data-widget_type=\"image.default\">\n\t\t\t\t\t\t\t\t\t\t\t\t\t\t\t\t<a href=\"https:\/\/meinlschmidt.de\/wp-content\/uploads\/2024\/04\/Inhaltsverzeichnis-Mag2.pdf\">\n\t\t\t\t\t\t\t<img decoding=\"async\" width=\"582\" height=\"800\" src=\"https:\/\/meinlschmidt.de\/wp-content\/uploads\/2025\/01\/Titel-MAG2.png\" class=\"attachment-large size-large wp-image-13921\" alt=\"\" srcset=\"https:\/\/meinlschmidt.de\/wp-content\/uploads\/2025\/01\/Titel-MAG2.png 582w, https:\/\/meinlschmidt.de\/wp-content\/uploads\/2025\/01\/Titel-MAG2-218x300.png 218w, https:\/\/meinlschmidt.de\/wp-content\/uploads\/2025\/01\/Titel-MAG2-9x12.png 9w\" sizes=\"(max-width: 582px) 100vw, 582px\" \/>\t\t\t\t\t\t\t\t<\/a>\n\t\t\t\t\t\t\t\t\t\t\t\t\t\t\t<\/div>\n\t\t\t\t<div class=\"elementor-element elementor-element-b804242 elementor-widget elementor-widget-text-editor\" data-id=\"b804242\" data-element_type=\"widget\" data-widget_type=\"text-editor.default\">\n\t\t\t\t\t\t\t\t\t<p>Ausgabe 2021<\/p>\t\t\t\t\t\t\t\t<\/div>\n\t\t\t\t<\/div>\n\t\t<div class=\"elementor-element elementor-element-a8df78b e-con-full e-flex e-con e-child\" data-id=\"a8df78b\" data-element_type=\"container\">\n\t\t\t\t<div class=\"elementor-element elementor-element-bde1e62 elementor-widget elementor-widget-image\" data-id=\"bde1e62\" data-element_type=\"widget\" data-widget_type=\"image.default\">\n\t\t\t\t\t\t\t\t\t\t\t\t\t\t\t\t<a href=\"https:\/\/meinlschmidt.de\/wp-content\/uploads\/2024\/04\/Inhaltsverzeichnis-Mag3.pdf\">\n\t\t\t\t\t\t\t<img decoding=\"async\" width=\"596\" height=\"800\" src=\"https:\/\/meinlschmidt.de\/wp-content\/uploads\/2025\/01\/Titel-MAG_3.png\" class=\"attachment-large size-large wp-image-13922\" alt=\"\" srcset=\"https:\/\/meinlschmidt.de\/wp-content\/uploads\/2025\/01\/Titel-MAG_3.png 596w, https:\/\/meinlschmidt.de\/wp-content\/uploads\/2025\/01\/Titel-MAG_3-224x300.png 224w, https:\/\/meinlschmidt.de\/wp-content\/uploads\/2025\/01\/Titel-MAG_3-9x12.png 9w\" sizes=\"(max-width: 596px) 100vw, 596px\" \/>\t\t\t\t\t\t\t\t<\/a>\n\t\t\t\t\t\t\t\t\t\t\t\t\t\t\t<\/div>\n\t\t\t\t<div class=\"elementor-element elementor-element-0b1412d elementor-widget elementor-widget-text-editor\" data-id=\"0b1412d\" data-element_type=\"widget\" data-widget_type=\"text-editor.default\">\n\t\t\t\t\t\t\t\t\t<p>Ausgabe 2022<\/p>\t\t\t\t\t\t\t\t<\/div>\n\t\t\t\t<\/div>\n\t\t<div class=\"elementor-element elementor-element-3582f0f e-con-full e-flex e-con e-child\" data-id=\"3582f0f\" data-element_type=\"container\">\n\t\t\t\t<div class=\"elementor-element elementor-element-44b6055 elementor-widget elementor-widget-image\" data-id=\"44b6055\" data-element_type=\"widget\" data-widget_type=\"image.default\">\n\t\t\t\t\t\t\t\t\t\t\t\t\t\t\t\t<a href=\"https:\/\/meinlschmidt.de\/wp-content\/uploads\/2024\/04\/Inhaltsverzeichnis-Mag4.pdf\">\n\t\t\t\t\t\t\t<img loading=\"lazy\" decoding=\"async\" width=\"768\" height=\"1024\" src=\"https:\/\/meinlschmidt.de\/wp-content\/uploads\/2025\/01\/Titel-MAG4-768x1024.png\" class=\"attachment-large size-large wp-image-13919\" alt=\"\" srcset=\"https:\/\/meinlschmidt.de\/wp-content\/uploads\/2025\/01\/Titel-MAG4-768x1024.png 768w, https:\/\/meinlschmidt.de\/wp-content\/uploads\/2025\/01\/Titel-MAG4-225x300.png 225w, https:\/\/meinlschmidt.de\/wp-content\/uploads\/2025\/01\/Titel-MAG4-1152x1536.png 1152w, https:\/\/meinlschmidt.de\/wp-content\/uploads\/2025\/01\/Titel-MAG4-1536x2048.png 1536w, https:\/\/meinlschmidt.de\/wp-content\/uploads\/2025\/01\/Titel-MAG4-9x12.png 9w\" sizes=\"(max-width: 768px) 100vw, 768px\" \/>\t\t\t\t\t\t\t\t<\/a>\n\t\t\t\t\t\t\t\t\t\t\t\t\t\t\t<\/div>\n\t\t\t\t<div class=\"elementor-element elementor-element-3b3027e elementor-widget elementor-widget-text-editor\" data-id=\"3b3027e\" data-element_type=\"widget\" data-widget_type=\"text-editor.default\">\n\t\t\t\t\t\t\t\t\t<p>Ausgabe 2023\/2024<\/p>\t\t\t\t\t\t\t\t<\/div>\n\t\t\t\t<\/div>\n\t\t<div class=\"elementor-element elementor-element-5a156b8 e-con-full e-flex e-con e-child\" data-id=\"5a156b8\" data-element_type=\"container\">\n\t\t\t\t<div class=\"elementor-element elementor-element-9ba9c25 elementor-widget elementor-widget-image\" data-id=\"9ba9c25\" data-element_type=\"widget\" data-widget_type=\"image.default\">\n\t\t\t\t\t\t\t\t\t\t\t\t\t\t\t\t<a href=\"https:\/\/meinlschmidt.de\/wp-content\/uploads\/2025\/01\/MS_MAG_Inhaltsverzeichnis.pdf\">\n\t\t\t\t\t\t\t<img loading=\"lazy\" decoding=\"async\" width=\"600\" height=\"800\" src=\"https:\/\/meinlschmidt.de\/wp-content\/uploads\/2025\/01\/Titel-_MAG5.png\" class=\"attachment-large size-large wp-image-13923\" alt=\"\" srcset=\"https:\/\/meinlschmidt.de\/wp-content\/uploads\/2025\/01\/Titel-_MAG5.png 600w, https:\/\/meinlschmidt.de\/wp-content\/uploads\/2025\/01\/Titel-_MAG5-225x300.png 225w, https:\/\/meinlschmidt.de\/wp-content\/uploads\/2025\/01\/Titel-_MAG5-9x12.png 9w\" sizes=\"(max-width: 600px) 100vw, 600px\" \/>\t\t\t\t\t\t\t\t<\/a>\n\t\t\t\t\t\t\t\t\t\t\t\t\t\t\t<\/div>\n\t\t\t\t<div class=\"elementor-element elementor-element-4896a45 elementor-widget elementor-widget-text-editor\" data-id=\"4896a45\" data-element_type=\"widget\" data-widget_type=\"text-editor.default\">\n\t\t\t\t\t\t\t\t\t<p>Ausgabe 2025\/2026<\/p>\t\t\t\t\t\t\t\t<\/div>\n\t\t\t\t<\/div>\n\t\t\t\t\t<\/div>\n\t\t\t\t<\/div>\n\t\t<div class=\"elementor-element elementor-element-efd6cfb e-flex e-con-boxed e-con e-parent\" data-id=\"efd6cfb\" data-element_type=\"container\">\n\t\t\t\t\t<div class=\"e-con-inner\">\n\t\t\t\t<div class=\"elementor-element elementor-element-4eb18cd elementor-widget elementor-widget-heading\" data-id=\"4eb18cd\" data-element_type=\"widget\" data-widget_type=\"heading.default\">\n\t\t\t\t\t<h1 class=\"elementor-heading-title elementor-size-default\">\/ DAS EXPERTENMAGAZIN F\u00dcR NEW WORK UND AGILES ARBEITEN<\/h1>\t\t\t\t<\/div>\n\t\t\t\t\t<\/div>\n\t\t\t\t<\/div>\n\t\t<div class=\"elementor-element elementor-element-61bdcd4 e-flex e-con-boxed e-con e-parent\" data-id=\"61bdcd4\" data-element_type=\"container\">\n\t\t\t\t\t<div class=\"e-con-inner\">\n\t\t\t\t<div class=\"elementor-element elementor-element-54564f0 elementor-button-align-stretch elementor-widget elementor-widget-form\" data-id=\"54564f0\" data-element_type=\"widget\" data-settings=\"{&quot;step_next_label&quot;:&quot;N\\u00e4chster&quot;,&quot;step_previous_label&quot;:&quot;Voriger&quot;,&quot;button_width&quot;:&quot;100&quot;,&quot;step_type&quot;:&quot;number_text&quot;,&quot;step_icon_shape&quot;:&quot;circle&quot;}\" data-widget_type=\"form.default\">\n\t\t\t\t<div class=\"elementor-widget-container\">\n\t\t\t\t\t\t\t<form class=\"elementor-form\" method=\"post\" name=\"Magazinbestellun\" action=\"\">\n\t\t\t<input type=\"hidden\" name=\"post_id\" value=\"11033\"\/>\n\t\t\t<input type=\"hidden\" name=\"form_id\" value=\"54564f0\"\/>\n\t\t\t<input type=\"hidden\" name=\"referer_title\" value=\"Magazin bestellung - Meinlschmidt\" \/>\n\n\t\t\t\t\t\t\t<input type=\"hidden\" name=\"queried_id\" value=\"11033\"\/>\n\t\t\t\n\t\t\t<div class=\"elementor-form-fields-wrapper elementor-labels-above\">\n\t\t\t\t\t\t\t\t<div class=\"elementor-field-type-text elementor-field-group elementor-column elementor-field-group-field_8ca9f54 elementor-col-100\">\n\t\t\t\t\t\t\t\t\t\t\t\t<label for=\"form-field-field_8ca9f54\" class=\"elementor-field-label\">\n\t\t\t\t\t\t\t\tUnternehmensnahme\t\t\t\t\t\t\t<\/label>\n\t\t\t\t\t\t\t\t\t\t\t\t\t\t<input size=\"1\" type=\"text\" name=\"form_fields[field_8ca9f54]\" id=\"form-field-field_8ca9f54\" class=\"elementor-field elementor-size-sm  elementor-field-textual\" placeholder=\"Unternehmensnahme\">\n\t\t\t\t\t\t\t\t\t\t\t<\/div>\n\t\t\t\t\t\t\t\t<div class=\"elementor-field-type-text elementor-field-group elementor-column elementor-field-group-name elementor-col-100 elementor-field-required\">\n\t\t\t\t\t\t\t\t\t\t\t\t<label for=\"form-field-name\" class=\"elementor-field-label\">\n\t\t\t\t\t\t\t\tName\t\t\t\t\t\t\t<\/label>\n\t\t\t\t\t\t\t\t\t\t\t\t\t\t<input size=\"1\" type=\"text\" name=\"form_fields[name]\" id=\"form-field-name\" class=\"elementor-field elementor-size-sm  elementor-field-textual\" placeholder=\"Name\" required=\"required\" aria-required=\"true\">\n\t\t\t\t\t\t\t\t\t\t\t<\/div>\n\t\t\t\t\t\t\t\t<div class=\"elementor-field-type-email elementor-field-group elementor-column elementor-field-group-email elementor-col-100 elementor-field-required\">\n\t\t\t\t\t\t\t\t\t\t\t\t<label for=\"form-field-email\" class=\"elementor-field-label\">\n\t\t\t\t\t\t\t\tE-Mail\t\t\t\t\t\t\t<\/label>\n\t\t\t\t\t\t\t\t\t\t\t\t\t\t<input size=\"1\" type=\"email\" name=\"form_fields[email]\" id=\"form-field-email\" class=\"elementor-field elementor-size-sm  elementor-field-textual\" placeholder=\"E-Mail\" required=\"required\" aria-required=\"true\">\n\t\t\t\t\t\t\t\t\t\t\t<\/div>\n\t\t\t\t\t\t\t\t<div class=\"elementor-field-type-text elementor-field-group elementor-column elementor-field-group-field_6b3b270 elementor-col-100\">\n\t\t\t\t\t\t\t\t\t\t\t\t<label for=\"form-field-field_6b3b270\" class=\"elementor-field-label\">\n\t\t\t\t\t\t\t\tAdresse\t\t\t\t\t\t\t<\/label>\n\t\t\t\t\t\t\t\t\t\t\t\t\t\t<input size=\"1\" type=\"text\" name=\"form_fields[field_6b3b270]\" id=\"form-field-field_6b3b270\" class=\"elementor-field elementor-size-sm  elementor-field-textual\" placeholder=\"Adresse\">\n\t\t\t\t\t\t\t\t\t\t\t<\/div>\n\t\t\t\t\t\t\t\t<div class=\"elementor-field-type-checkbox elementor-field-group elementor-column elementor-field-group-field_49209f5 elementor-col-100\">\n\t\t\t\t\t<div class=\"elementor-field-subgroup\"><span class=\"elementor-field-option\"><input type=\"checkbox\" value=\"Ausgabe 2020\" id=\"form-field-field_49209f5-0\" name=\"form_fields[field_49209f5][]\"> <label for=\"form-field-field_49209f5-0\">Ausgabe 2020<\/label><\/span><span class=\"elementor-field-option\"><input type=\"checkbox\" value=\"Ausgabe 2021\" id=\"form-field-field_49209f5-1\" name=\"form_fields[field_49209f5][]\"> <label for=\"form-field-field_49209f5-1\">Ausgabe 2021<\/label><\/span><span class=\"elementor-field-option\"><input type=\"checkbox\" value=\"Ausgabe 2022\" id=\"form-field-field_49209f5-2\" name=\"form_fields[field_49209f5][]\"> <label for=\"form-field-field_49209f5-2\">Ausgabe 2022<\/label><\/span><span class=\"elementor-field-option\"><input type=\"checkbox\" value=\"Ausgabe 2023\/2024\" id=\"form-field-field_49209f5-3\" name=\"form_fields[field_49209f5][]\"> <label for=\"form-field-field_49209f5-3\">Ausgabe 2023\/2024<\/label><\/span><span class=\"elementor-field-option\"><input type=\"checkbox\" value=\"Ausgabe 2025\/2026\" id=\"form-field-field_49209f5-4\" name=\"form_fields[field_49209f5][]\"> <label for=\"form-field-field_49209f5-4\">Ausgabe 2025\/2026<\/label><\/span><\/div>\t\t\t\t<\/div>\n\t\t\t\t\t\t\t\t<div class=\"elementor-field-type-recaptcha elementor-field-group elementor-column elementor-field-group-field_84b01a9 elementor-col-100\">\n\t\t\t\t\t<div class=\"elementor-field\" id=\"form-field-field_84b01a9\"><div class=\"elementor-g-recaptcha\" data-sitekey=\"6LfK1NQhAAAAABEGEs4_EePWCGmWh37QeRywztla\" data-type=\"v2_checkbox\" data-theme=\"light\" data-size=\"normal\"><\/div><\/div>\t\t\t\t<\/div>\n\t\t\t\t\t\t\t\t<div class=\"elementor-field-type-textarea elementor-field-group elementor-column elementor-field-group-field_48c65e0 elementor-col-100\">\n\t\t\t\t\t<textarea class=\"elementor-field-textual elementor-field  elementor-size-sm\" name=\"form_fields[field_48c65e0]\" id=\"form-field-field_48c65e0\" rows=\"4\" placeholder=\"Meinlschmidt verpflichtet sich, Ihre Privatsph\u00e4re zu sch\u00fctzen und zu respektieren. Wir nutzen Ihre personenbezogenen Daten nur zur Verwaltung Ihres Kontos und zur Bereitstellung der von Ihnen angeforderten Produkte und Dienstleistungen. Von Zeit zu Zeit m\u00f6chten wir Sie \u00fcber unsere Produkte und Dienstleistungen sowie andere Inhalte, die f\u00fcr Sie von Interesse sein k\u00f6nnten, informieren. Sie k\u00f6nnen dies jederzeit per E-Mail oder telefonisch deaktivieren.\"><\/textarea>\t\t\t\t<\/div>\n\t\t\t\t\t\t\t\t<div class=\"elementor-field-group elementor-column elementor-field-type-submit elementor-col-100 e-form__buttons\">\n\t\t\t\t\t<button class=\"elementor-button elementor-size-sm\" type=\"submit\">\n\t\t\t\t\t\t<span class=\"elementor-button-content-wrapper\">\n\t\t\t\t\t\t\t\t\t\t\t\t\t\t\t\t\t\t\t\t\t\t<span class=\"elementor-button-text\">Senden<\/span>\n\t\t\t\t\t\t\t\t\t\t\t\t\t<\/span>\n\t\t\t\t\t<\/button>\n\t\t\t\t<\/div>\n\t\t\t<\/div>\n\t\t<input type=\"hidden\" name=\"trp-form-language\" value=\"en\"\/><\/form>\n\t\t\t\t\t\t<\/div>\n\t\t\t\t<\/div>\n\t\t\t\t\t<\/div>\n\t\t\t\t<\/div>\n\t\t\t\t<\/div>","protected":false},"excerpt":{"rendered":"<p>Ausgabe 2020 Ausgabe 2021 Ausgabe 2022 Ausgabe 2023\/2024 Ausgabe 2025\/2026 \/ DAS EXPERTENMAGAZIN F\u00dcR NEW WORK UND AGILES ARBEITEN<\/p>","protected":false},"author":4,"featured_media":0,"parent":0,"menu_order":0,"comment_status":"closed","ping_status":"closed","template":"","meta":{"_acf_changed":false,"content-type":"","footnotes":""},"class_list":["post-11033","page","type-page","status-publish","hentry"],"acf":[],"yoast_head":"<!-- This site is optimized with the Yoast SEO plugin v24.2 - https:\/\/yoast.com\/wordpress\/plugins\/seo\/ -->\n<title>Magazin bestellung - Meinlschmidt<\/title>\n<meta name=\"robots\" content=\"index, follow, max-snippet:-1, max-image-preview:large, max-video-preview:-1\" \/>\n<link rel=\"canonical\" href=\"https:\/\/meinlschmidt.de\/en\/magazin-bestellung\/\" \/>\n<meta property=\"og:locale\" content=\"en_US\" \/>\n<meta property=\"og:type\" content=\"article\" \/>\n<meta property=\"og:title\" content=\"Magazin bestellung - Meinlschmidt\" \/>\n<meta property=\"og:description\" content=\"Ausgabe 2020 Ausgabe 2021 Ausgabe 2022 Ausgabe 2023\/2024 Ausgabe 2025\/2026 \/ DAS EXPERTENMAGAZIN F\u00dcR NEW WORK UND AGILES ARBEITEN\" \/>\n<meta property=\"og:url\" content=\"https:\/\/meinlschmidt.de\/en\/magazin-bestellung\/\" \/>\n<meta property=\"og:site_name\" content=\"Meinlschmidt\" \/>\n<meta property=\"article:modified_time\" content=\"2025-04-02T12:12:07+00:00\" \/>\n<meta property=\"og:image\" content=\"https:\/\/meinlschmidt.de\/wp-content\/uploads\/2025\/01\/Titel-Mag1-1.png\" \/>\n\t<meta property=\"og:image:width\" content=\"2514\" \/>\n\t<meta property=\"og:image:height\" content=\"3276\" \/>\n\t<meta property=\"og:image:type\" content=\"image\/png\" \/>\n<meta name=\"twitter:card\" content=\"summary_large_image\" \/>\n<meta name=\"twitter:label1\" content=\"Est. reading time\" \/>\n\t<meta name=\"twitter:data1\" content=\"1 minute\" \/>\n<script type=\"application\/ld+json\" class=\"yoast-schema-graph\">{\"@context\":\"https:\/\/schema.org\",\"@graph\":[{\"@type\":\"WebPage\",\"@id\":\"https:\/\/meinlschmidt.de\/magazin-bestellung\/\",\"url\":\"https:\/\/meinlschmidt.de\/magazin-bestellung\/\",\"name\":\"Magazin bestellung - Meinlschmidt\",\"isPartOf\":{\"@id\":\"https:\/\/meinlschmidt.de\/#website\"},\"primaryImageOfPage\":{\"@id\":\"https:\/\/meinlschmidt.de\/magazin-bestellung\/#primaryimage\"},\"image\":{\"@id\":\"https:\/\/meinlschmidt.de\/magazin-bestellung\/#primaryimage\"},\"thumbnailUrl\":\"https:\/\/meinlschmidt.de\/wp-content\/uploads\/2025\/01\/Titel-Mag1-1-786x1024.png\",\"datePublished\":\"2024-03-05T15:06:18+00:00\",\"dateModified\":\"2025-04-02T12:12:07+00:00\",\"breadcrumb\":{\"@id\":\"https:\/\/meinlschmidt.de\/magazin-bestellung\/#breadcrumb\"},\"inLanguage\":\"en-US\",\"potentialAction\":[{\"@type\":\"ReadAction\",\"target\":[\"https:\/\/meinlschmidt.de\/magazin-bestellung\/\"]}]},{\"@type\":\"ImageObject\",\"inLanguage\":\"en-US\",\"@id\":\"https:\/\/meinlschmidt.de\/magazin-bestellung\/#primaryimage\",\"url\":\"https:\/\/meinlschmidt.de\/wp-content\/uploads\/2025\/01\/Titel-Mag1-1-786x1024.png\",\"contentUrl\":\"https:\/\/meinlschmidt.de\/wp-content\/uploads\/2025\/01\/Titel-Mag1-1-786x1024.png\"},{\"@type\":\"BreadcrumbList\",\"@id\":\"https:\/\/meinlschmidt.de\/magazin-bestellung\/#breadcrumb\",\"itemListElement\":[{\"@type\":\"ListItem\",\"position\":1,\"name\":\"Startseite\",\"item\":\"https:\/\/meinlschmidt.de\/\"},{\"@type\":\"ListItem\",\"position\":2,\"name\":\"Magazin bestellung\"}]},{\"@type\":\"WebSite\",\"@id\":\"https:\/\/meinlschmidt.de\/#website\",\"url\":\"https:\/\/meinlschmidt.de\/\",\"name\":\"Meinlschmidt\",\"description\":\"\",\"potentialAction\":[{\"@type\":\"SearchAction\",\"target\":{\"@type\":\"EntryPoint\",\"urlTemplate\":\"https:\/\/meinlschmidt.de\/?s={search_term_string}\"},\"query-input\":{\"@type\":\"PropertyValueSpecification\",\"valueRequired\":true,\"valueName\":\"search_term_string\"}}],\"inLanguage\":\"en-US\"}]}<\/script>\n<!-- \/ Yoast SEO plugin. -->","yoast_head_json":{"title":"Magazin bestellung - Meinlschmidt","robots":{"index":"index","follow":"follow","max-snippet":"max-snippet:-1","max-image-preview":"max-image-preview:large","max-video-preview":"max-video-preview:-1"},"canonical":"https:\/\/meinlschmidt.de\/en\/magazin-bestellung\/","og_locale":"en_US","og_type":"article","og_title":"Magazin bestellung - Meinlschmidt","og_description":"Ausgabe 2020 Ausgabe 2021 Ausgabe 2022 Ausgabe 2023\/2024 Ausgabe 2025\/2026 \/ DAS EXPERTENMAGAZIN F\u00dcR NEW WORK UND AGILES ARBEITEN","og_url":"https:\/\/meinlschmidt.de\/en\/magazin-bestellung\/","og_site_name":"Meinlschmidt","article_modified_time":"2025-04-02T12:12:07+00:00","og_image":[{"width":2514,"height":3276,"url":"https:\/\/meinlschmidt.de\/wp-content\/uploads\/2025\/01\/Titel-Mag1-1.png","type":"image\/png"}],"twitter_card":"summary_large_image","twitter_misc":{"Est. reading time":"1 minute"},"schema":{"@context":"https:\/\/schema.org","@graph":[{"@type":"WebPage","@id":"https:\/\/meinlschmidt.de\/magazin-bestellung\/","url":"https:\/\/meinlschmidt.de\/magazin-bestellung\/","name":"Magazin bestellung - Meinlschmidt","isPartOf":{"@id":"https:\/\/meinlschmidt.de\/#website"},"primaryImageOfPage":{"@id":"https:\/\/meinlschmidt.de\/magazin-bestellung\/#primaryimage"},"image":{"@id":"https:\/\/meinlschmidt.de\/magazin-bestellung\/#primaryimage"},"thumbnailUrl":"https:\/\/meinlschmidt.de\/wp-content\/uploads\/2025\/01\/Titel-Mag1-1-786x1024.png","datePublished":"2024-03-05T15:06:18+00:00","dateModified":"2025-04-02T12:12:07+00:00","breadcrumb":{"@id":"https:\/\/meinlschmidt.de\/magazin-bestellung\/#breadcrumb"},"inLanguage":"en-US","potentialAction":[{"@type":"ReadAction","target":["https:\/\/meinlschmidt.de\/magazin-bestellung\/"]}]},{"@type":"ImageObject","inLanguage":"en-US","@id":"https:\/\/meinlschmidt.de\/magazin-bestellung\/#primaryimage","url":"https:\/\/meinlschmidt.de\/wp-content\/uploads\/2025\/01\/Titel-Mag1-1-786x1024.png","contentUrl":"https:\/\/meinlschmidt.de\/wp-content\/uploads\/2025\/01\/Titel-Mag1-1-786x1024.png"},{"@type":"BreadcrumbList","@id":"https:\/\/meinlschmidt.de\/magazin-bestellung\/#breadcrumb","itemListElement":[{"@type":"ListItem","position":1,"name":"Startseite","item":"https:\/\/meinlschmidt.de\/"},{"@type":"ListItem","position":2,"name":"Magazin bestellung"}]},{"@type":"WebSite","@id":"https:\/\/meinlschmidt.de\/#website","url":"https:\/\/meinlschmidt.de\/","name":"Meinlschmidt","description":"","potentialAction":[{"@type":"SearchAction","target":{"@type":"EntryPoint","urlTemplate":"https:\/\/meinlschmidt.de\/?s={search_term_string}"},"query-input":{"@type":"PropertyValueSpecification","valueRequired":true,"valueName":"search_term_string"}}],"inLanguage":"en-US"}]}},"_links":{"self":[{"href":"https:\/\/meinlschmidt.de\/en\/wp-json\/wp\/v2\/pages\/11033","targetHints":{"allow":["GET"]}}],"collection":[{"href":"https:\/\/meinlschmidt.de\/en\/wp-json\/wp\/v2\/pages"}],"about":[{"href":"https:\/\/meinlschmidt.de\/en\/wp-json\/wp\/v2\/types\/page"}],"author":[{"embeddable":true,"href":"https:\/\/meinlschmidt.de\/en\/wp-json\/wp\/v2\/users\/4"}],"replies":[{"embeddable":true,"href":"https:\/\/meinlschmidt.de\/en\/wp-json\/wp\/v2\/comments?post=11033"}],"version-history":[{"count":57,"href":"https:\/\/meinlschmidt.de\/en\/wp-json\/wp\/v2\/pages\/11033\/revisions"}],"predecessor-version":[{"id":14337,"href":"https:\/\/meinlschmidt.de\/en\/wp-json\/wp\/v2\/pages\/11033\/revisions\/14337"}],"wp:attachment":[{"href":"https:\/\/meinlschmidt.de\/en\/wp-json\/wp\/v2\/media?parent=11033"}],"curies":[{"name":"wp","href":"https:\/\/api.w.org\/{rel}","templated":true}]}}